{"id":34,"date":"2023-11-02T15:47:15","date_gmt":"2023-11-02T14:47:15","guid":{"rendered":"https:\/\/best-speller.fr\/?page_id=34"},"modified":"2023-11-02T17:48:56","modified_gmt":"2023-11-02T16:48:56","slug":"tarifs","status":"publish","type":"page","link":"https:\/\/best-speller.fr\/index.php\/tarifs\/","title":{"rendered":"Tarifs"},"content":{"rendered":"\n<p style=\"font-size:16px\"><strong>Le tarif de base que je pratique est de 15 euros \/ heure.<\/strong><\/p>\n\n\n\n<p style=\"font-size:16px\">Selon la prestation \u00e0 r\u00e9aliser, le temps de travail diff\u00e8re. Les tarifs ci-dessous sont donc donn\u00e9s \u00e0 titre indicatif.<\/p>\n\n\n\n<p style=\"font-size:16px\">Seul un devis, r\u00e9alis\u00e9 \u00e0 partir des textes que vous souhaitez me confier et suite \u00e0 un \u00e9change avec vous, me permettra d\u2019\u00e9tablir un montant ferme et d\u00e9finitif pour la prestation. L\u2019examen de votre manuscrit me permet d\u2019\u00e9valuer le temps de travail \u00e0 lui consacrer, ainsi que le travail pr\u00e9cis \u00e0 r\u00e9aliser. Un appel t\u00e9l\u00e9phonique avec vous me permet de vous guider vers la prestation qui correspond au mieux \u00e0 vos attentes.<\/p>\n\n\n\n<h3 class=\"wp-block-heading\">Prestations<\/h3>\n\n\n\n<p style=\"font-size:16px\"><strong>B\u00eata-lecture<\/strong> &#8230;&#8230;&#8230;&#8230;&#8230;&#8230;&#8230;&#8230;&#8230;&#8230;&#8230;&#8230;&#8230;&#8230;&#8230;&#8230;&#8230;&#8230;&#8230;&#8230;&#8230;&#8230;&#8230;&#8230;&#8230;&#8230;&#8230;&#8230;&#8230;&#8230;&#8230;&#8230;&#8230;&#8230;. 2,5 \u20ac \/ 6 000 signes<\/p>\n\n\n\n<p style=\"font-size:16px\"><strong>B\u00eata-lecture Plus<\/strong> &#8230;&#8230;&#8230;&#8230;&#8230;&#8230;&#8230;&#8230;&#8230;&#8230;&#8230;&#8230;&#8230;&#8230;&#8230;&#8230;&#8230;&#8230;&#8230;&#8230;&#8230;&#8230;&#8230;&#8230;&#8230;&#8230;&#8230;&#8230;&#8230;&#8230;&#8230; Sur devis<\/p>\n\n\n\n<p style=\"font-size:16px\"><strong>Correction<\/strong> &#8230;&#8230;&#8230;&#8230;&#8230;&#8230;&#8230;&#8230;&#8230;&#8230;&#8230;&#8230;&#8230;&#8230;&#8230;&#8230;&#8230;&#8230;&#8230;&#8230;&#8230;&#8230;&#8230;&#8230;&#8230;&#8230;&#8230;&#8230;&#8230;&#8230;&#8230;&#8230;&#8230;&#8230;&#8230;.. 1,25 \u20ac \/ 12 000 signes<\/p>\n\n\n\n<p style=\"font-size:16px\"><strong>R\u00e9\u00e9criture <\/strong>&#8230;&#8230;&#8230;&#8230;&#8230;&#8230;&#8230;&#8230;&#8230;&#8230;&#8230;&#8230;&#8230;&#8230;&#8230;&#8230;&#8230;&#8230;&#8230;&#8230;&#8230;&#8230;&#8230;&#8230;.. Entre 3 \u20ac et 1,9 \u20ac \/ 5 000 \u00e0 8 000 signes<\/p>\n\n\n\n<p style=\"font-size:16px\"><strong>Mise en page <\/strong>&#8230;&#8230;&#8230;&#8230;&#8230;&#8230;&#8230;&#8230;&#8230;&#8230;&#8230;&#8230;&#8230;&#8230;&#8230;&#8230;&#8230;&#8230;&#8230;&#8230;&#8230;&#8230;&#8230;&#8230;&#8230;&#8230;&#8230;&#8230;&#8230;&#8230;&#8230;&#8230;&#8230;&#8230;. Sur devis<\/p>\n\n\n\n<p style=\"font-size:16px\">Pour conna\u00eetre le nombre de signes de votre texte, dans votre logiciel de traitement de texte, rendez-vous dans le menu \u00ab R\u00e9vision \u00bb puis choisissez \u00ab Statistiques \u00bb. Relevez le nombre indiqu\u00e9 \u00e0 la ligne \u00ab Nombre de caract\u00e8res (espaces non compris) \u00bb. Les autres traitements de texte offrent eux aussi cette possibilit\u00e9.<\/p>\n\n\n\n<p style=\"font-size:16px\"><strong>Acc\u00e9dez directement au formulaire de demande de devis.<\/strong><\/p>\n","protected":false},"excerpt":{"rendered":"<p>Le tarif de base que je pratique est de 15 euros \/ heure. Selon la prestation \u00e0 r\u00e9aliser, le temps de travail diff\u00e8re. Les tarifs ci-dessous sont donc donn\u00e9s \u00e0 titre indicatif. Seul un devis, r\u00e9alis\u00e9 \u00e0 partir des textes que vous souhaitez me confier et suite \u00e0 un \u00e9change avec vous, me permettra d\u2019\u00e9tablir [&hellip;]<\/p>\n","protected":false},"author":1,"featured_media":0,"parent":0,"menu_order":0,"comment_status":"closed","ping_status":"closed","template":"","meta":{"footnotes":""},"class_list":["post-34","page","type-page","status-publish","hentry"],"_links":{"self":[{"href":"https:\/\/best-speller.fr\/index.php\/wp-json\/wp\/v2\/pages\/34","targetHints":{"allow":["GET"]}}],"collection":[{"href":"https:\/\/best-speller.fr\/index.php\/wp-json\/wp\/v2\/pages"}],"about":[{"href":"https:\/\/best-speller.fr\/index.php\/wp-json\/wp\/v2\/types\/page"}],"author":[{"embeddable":true,"href":"https:\/\/best-speller.fr\/index.php\/wp-json\/wp\/v2\/users\/1"}],"replies":[{"embeddable":true,"href":"https:\/\/best-speller.fr\/index.php\/wp-json\/wp\/v2\/comments?post=34"}],"version-history":[{"count":5,"href":"https:\/\/best-speller.fr\/index.php\/wp-json\/wp\/v2\/pages\/34\/revisions"}],"predecessor-version":[{"id":63,"href":"https:\/\/best-speller.fr\/index.php\/wp-json\/wp\/v2\/pages\/34\/revisions\/63"}],"wp:attachment":[{"href":"https:\/\/best-speller.fr\/index.php\/wp-json\/wp\/v2\/media?parent=34"}],"curies":[{"name":"wp","href":"https:\/\/api.w.org\/{rel}","templated":true}]}}